{"id":317,"date":"2024-05-22T11:27:43","date_gmt":"2024-05-22T11:27:43","guid":{"rendered":"https:\/\/maksatnespejatev.lv\/?page_id=317"},"modified":"2024-05-22T11:49:28","modified_gmt":"2024-05-22T11:49:28","slug":"privatuma-politika","status":"publish","type":"page","link":"https:\/\/maksatnespejatev.lv\/ru\/privatuma-politika\/","title":{"rendered":"Priv\u0101tuma politika"},"content":{"rendered":"\t\t<div data-elementor-type=\"wp-page\" data-elementor-id=\"317\" class=\"elementor elementor-317 elementor-305\" data-elementor-post-type=\"page\">\n\t\t\t\t\t\t<section class=\"elementor-section elementor-top-section elementor-element elementor-element-ed8548d elementor-section-height-min-height elementor-section-boxed elementor-section-height-default elementor-section-items-middle\" data-id=\"ed8548d\" data-element_type=\"section\" data-e-type=\"section\" data-settings=\"{&quot;background_background&quot;:&quot;classic&quot;}\">\n\t\t\t\t\t\t\t<div class=\"elementor-background-overlay\"><\/div>\n\t\t\t\t\t\t\t<div class=\"elementor-container elementor-column-gap-default\">\n\t\t\t\t\t<div class=\"elementor-column elementor-col-100 elementor-top-column elementor-element elementor-element-64dcad4a\" data-id=\"64dcad4a\" data-element_type=\"column\" data-e-type=\"column\">\n\t\t\t<div class=\"elementor-widget-wrap elementor-element-populated\">\n\t\t\t\t\t\t<div class=\"elementor-element elementor-element-7695e396 de_scroll_animation_no elementor-widget elementor-widget-heading\" data-id=\"7695e396\" data-element_type=\"widget\" data-e-type=\"widget\" data-widget_type=\"heading.default\">\n\t\t\t\t<div class=\"elementor-widget-container\">\n\t\t\t\t\t<h2 class=\"elementor-heading-title elementor-size-default\">Priv\u0101tuma politika<\/h2>\t\t\t\t<\/div>\n\t\t\t\t<\/div>\n\t\t\t\t<div class=\"elementor-element elementor-element-52fc684c elementor-icon-list--layout-inline elementor-align-center elementor-list-item-link-full_width de_scroll_animation_no elementor-widget elementor-widget-icon-list\" data-id=\"52fc684c\" data-element_type=\"widget\" data-e-type=\"widget\" data-widget_type=\"icon-list.default\">\n\t\t\t\t<div class=\"elementor-widget-container\">\n\t\t\t\t\t\t\t<ul class=\"elementor-icon-list-items elementor-inline-items\">\n\t\t\t\t\t\t\t<li class=\"elementor-icon-list-item elementor-inline-item\">\n\t\t\t\t\t\t\t\t\t\t\t<a href=\"#\">\n\n\t\t\t\t\t\t\t\t\t\t\t<span class=\"elementor-icon-list-text\">Galven\u0101<\/span>\n\t\t\t\t\t\t\t\t\t\t\t<\/a>\n\t\t\t\t\t\t\t\t\t<\/li>\n\t\t\t\t\t\t\t\t<li class=\"elementor-icon-list-item elementor-inline-item\">\n\t\t\t\t\t\t\t\t\t\t\t<span class=\"elementor-icon-list-icon\">\n\t\t\t\t\t\t\t<i aria-hidden=\"true\" class=\"icon icon-right-arrow1\"><\/i>\t\t\t\t\t\t<\/span>\n\t\t\t\t\t\t\t\t\t\t<span class=\"elementor-icon-list-text\">Priv\u0101tuma politika<\/span>\n\t\t\t\t\t\t\t\t\t<\/li>\n\t\t\t\t\t\t<\/ul>\n\t\t\t\t\t\t<\/div>\n\t\t\t\t<\/div>\n\t\t\t\t\t<\/div>\n\t\t<\/div>\n\t\t\t\t\t<\/div>\n\t\t<\/section>\n\t\t<div class=\"elementor-element elementor-element-c392fb3 e-flex e-con-boxed e-con e-parent\" data-id=\"c392fb3\" data-element_type=\"container\" data-e-type=\"container\">\n\t\t\t\t\t<div class=\"e-con-inner\">\n\t\t\t\t<div class=\"elementor-element elementor-element-87f6651 de_scroll_animation_no elementor-widget elementor-widget-text-editor\" data-id=\"87f6651\" data-element_type=\"widget\" data-e-type=\"widget\" data-widget_type=\"text-editor.default\">\n\t\t\t\t<div class=\"elementor-widget-container\">\n\t\t\t\t\t\t\t\t\t<p><strong>Ievads<\/strong><\/p><p>\u0160\u012b priv\u0101tuma politika izskaidro, k\u0101 SIA PLG SA (&#171;m\u0113s&#187;, &#171;m\u016bsu&#187; vai &#171;uz\u0146\u0113mums&#187;) apstr\u0101d\u0101 un aizsarg\u0101 j\u016bsu personas datus, kas tiek iev\u0101kti, kad izmantojat m\u016bsu vietni MAKSATNESPEJATEV.LV. M\u0113s cien\u0101m j\u016bsu priv\u0101tumu un esam ap\u0146\u0113mu\u0161ies nodro\u0161in\u0101t j\u016bsu personisk\u0101s inform\u0101cijas dro\u0161\u012bbu.<\/p><p><strong>Personas datu iev\u0101k\u0161ana<\/strong><\/p><p>M\u0113s varam iev\u0101kt un apstr\u0101d\u0101t \u0161\u0101dus j\u016bsu personas datus:<\/p><ul><li>Kontaktinform\u0101cija, piem\u0113ram, j\u016bsu v\u0101rds, e-pasta adrese un t\u0101lru\u0146a numurs.<\/li><li>Identifik\u0101cijas inform\u0101cija, piem\u0113ram, personas kods un identifik\u0101cijas dokumentu kopijas.<\/li><li>Finan\u0161u inform\u0101cija, piem\u0113ram, bankas konta numuri un kred\u012btinform\u0101cija.<\/li><li>Inform\u0101cija par j\u016bsu aktivit\u0101t\u0113m m\u016bsu vietn\u0113, piem\u0113ram, s\u012bkdatnes un IP adreses.<\/li><\/ul><p><strong>Datu izmanto\u0161ana<\/strong><\/p><p>J\u016bsu personas dati var tikt izmantoti \u0161\u0101diem m\u0113r\u0137iem:<\/p><ul><li>Lai nodro\u0161in\u0101tu pakalpojumus, ko j\u016bs esat piepras\u012bjis.<\/li><li>Lai sazin\u0101tos ar jums saist\u012bb\u0101 ar j\u016bsu piepras\u012bjumiem un pakalpojumu izpildi.<\/li><li>Lai uzlabotu m\u016bsu vietnes funkcionalit\u0101ti un lietot\u0101ju pieredzi.<\/li><li>Lai nodro\u0161in\u0101tu atbilst\u012bbu likumiem un regul\u0113jumiem.<\/li><li>Lai veiktu tirgus izp\u0113ti un anal\u012bzi.<\/li><\/ul><p><strong>Datu glab\u0101\u0161ana<\/strong><\/p><p>M\u0113s glab\u0101jam j\u016bsu personas datus tikai tik ilgi, cik tas ir nepiecie\u0161ams tiem m\u0113r\u0137iem, kuriem tie tika iev\u0101kti, vai tik ilgi, cik to nosaka piem\u0113rojamie likumi un normat\u012bvie akti.<\/p><p><strong>Datu aizsardz\u012bba<\/strong><\/p><p>M\u0113s izmantojam da\u017e\u0101das tehnisk\u0101s un organizatorisk\u0101s dro\u0161\u012bbas pas\u0101kumus, lai aizsarg\u0101tu j\u016bsu personas datus no nesankcion\u0113tas piek\u013cuves, izmanto\u0161anas, izpau\u0161anas vai izn\u012bcin\u0101\u0161anas.<\/p><p><strong>Datu nodo\u0161ana tre\u0161aj\u0101m pus\u0113m<\/strong><\/p><p>M\u0113s varam nodot j\u016bsu personas datus tre\u0161aj\u0101m pus\u0113m \u0161\u0101dos gad\u012bjumos:<\/p><ul><li>Ja tas ir nepiecie\u0161ams, lai nodro\u0161in\u0101tu m\u016bsu pakalpojumus.<\/li><li>Ja to prasa likums vai ties\u012bbu akti.<\/li><li>Ja j\u016bs esat devis savu piekri\u0161anu \u0161\u0101dai nodo\u0161anai.<\/li><\/ul><p><strong>J\u016bsu ties\u012bbas<\/strong><\/p><p>Jums ir ties\u012bbas:<\/p><ul><li>Piepras\u012bt piek\u013cuvi saviem personas datiem.<\/li><li>Piepras\u012bt savu personas datu labo\u0161anu vai dz\u0113\u0161anu.<\/li><li>Iebilst pret savu personas datu apstr\u0101di.<\/li><li>Piepras\u012bt savu personas datu apstr\u0101des ierobe\u017eo\u0161anu.<\/li><li>Piepras\u012bt savu personas datu p\u0101rnesam\u012bbu.<\/li><\/ul><p>Lai izmantotu savas ties\u012bbas, l\u016bdzu, sazinieties ar mums, izmantojot kontaktinform\u0101ciju, kas nor\u0101d\u012bta \u0161\u012bs politikas beig\u0101s.<\/p><p><strong>S\u012bkdatnes<\/strong><\/p><p>M\u016bsu vietne izmanto s\u012bkdatnes, lai uzlabotu lietot\u0101ju pieredzi. S\u012bkdatnes ir mazi teksta faili, kas tiek saglab\u0101ti j\u016bsu ier\u012bc\u0113, kad apmekl\u0113jat m\u016bsu vietni. J\u016bs varat kontrol\u0113t s\u012bkdat\u0146u izmanto\u0161anu, mainot iestat\u012bjumus sav\u0101 p\u0101rl\u016bkprogramm\u0101.<\/p><p><strong>Izmai\u0146as priv\u0101tuma politik\u0101<\/strong><\/p><p>M\u0113s paturam ties\u012bbas jebkur\u0101 laik\u0101 main\u012bt \u0161o priv\u0101tuma politiku. Visas izmai\u0146as tiks public\u0113tas m\u016bsu vietn\u0113, un, turpinot izmantot m\u016bsu vietni, j\u016bs piekr\u012btat \u0161\u012bm izmai\u0146\u0101m.<\/p>\t\t\t\t\t\t\t\t<\/div>\n\t\t\t\t<\/div>\n\t\t\t\t\t<\/div>\n\t\t\t\t<\/div>\n\t\t\t\t<\/div>\n\t\t","protected":false},"excerpt":{"rendered":"<p>Priv\u0101tuma politika Galven\u0101 Priv\u0101tuma politika Ievads \u0160\u012b priv\u0101tuma politika izskaidro, k\u0101 SIA PLG SA (&#171;m\u0113s&#187;, &#171;m\u016bsu&#187; vai &#171;uz\u0146\u0113mums&#187;) apstr\u0101d\u0101 un aizsarg\u0101 j\u016bsu personas datus, kas tiek iev\u0101kti, kad izmantojat m\u016bsu vietni MAKSATNESPEJATEV.LV. M\u0113s cien\u0101m j\u016bsu priv\u0101tumu un esam ap\u0146\u0113mu\u0161ies nodro\u0161in\u0101t j\u016bsu personisk\u0101s inform\u0101cijas dro\u0161\u012bbu. Personas datu iev\u0101k\u0161ana M\u0113s varam iev\u0101kt un apstr\u0101d\u0101t \u0161\u0101dus j\u016bsu personas [&hellip;]<\/p>\n","protected":false},"author":15,"featured_media":0,"parent":0,"menu_order":0,"comment_status":"closed","ping_status":"closed","template":"elementor_header_footer","meta":{"footnotes":""},"class_list":["post-317","page","type-page","status-publish","hentry"],"_links":{"self":[{"href":"https:\/\/maksatnespejatev.lv\/ru\/wp-json\/wp\/v2\/pages\/317","targetHints":{"allow":["GET"]}}],"collection":[{"href":"https:\/\/maksatnespejatev.lv\/ru\/wp-json\/wp\/v2\/pages"}],"about":[{"href":"https:\/\/maksatnespejatev.lv\/ru\/wp-json\/wp\/v2\/types\/page"}],"author":[{"embeddable":true,"href":"https:\/\/maksatnespejatev.lv\/ru\/wp-json\/wp\/v2\/users\/15"}],"replies":[{"embeddable":true,"href":"https:\/\/maksatnespejatev.lv\/ru\/wp-json\/wp\/v2\/comments?post=317"}],"version-history":[{"count":1,"href":"https:\/\/maksatnespejatev.lv\/ru\/wp-json\/wp\/v2\/pages\/317\/revisions"}],"predecessor-version":[{"id":318,"href":"https:\/\/maksatnespejatev.lv\/ru\/wp-json\/wp\/v2\/pages\/317\/revisions\/318"}],"wp:attachment":[{"href":"https:\/\/maksatnespejatev.lv\/ru\/wp-json\/wp\/v2\/media?parent=317"}],"curies":[{"name":"wp","href":"https:\/\/api.w.org\/{rel}","templated":true}]}}